{"id":4517,"date":"2026-04-16T17:45:29","date_gmt":"2026-04-16T17:45:29","guid":{"rendered":"https:\/\/caroferrara.com\/en\/?post_type=product&#038;p=4517"},"modified":"2026-04-16T19:53:49","modified_gmt":"2026-04-16T19:53:49","slug":"musica-cd-o-vinilo","status":"publish","type":"product","link":"https:\/\/caroferrara.com\/en\/producto\/musica-cd-o-vinilo\/","title":{"rendered":"Musica &#8211; CD o Vinilo"},"content":{"rendered":"<p><strong>Personalizala!<\/strong><\/p>\n<p style=\"text-align: left;\">Son bolsos imitaci\u00f3n CD o Vinilo. El encuadernado es de tela de alta calidad, resistente al agua (no sumergible) con esquineros met\u00e1licos. Incluye una cadena desmontable, para que puedas elegir como llevarla. Las tapas miden 20Cm x 20Cm. La cadena mide un metro, colgada desde el hombro llega aproximadamente hasta la cadera.<\/p>\n<p>Si ya sabes que disco te gustar\u00eda encargar, nosotros lo realizamos tal cual (tapa y contratapa). No hace falta que nos env\u00edes las fotos! Solo personalizamos con Cds, vinilos, etc. existentes! No inventamos dise\u00f1os.<\/p>\n<p><strong>Una vez realizada la compra, te vamos a contactar para consultarte que disco quer\u00e9s!<\/strong><\/p>\n<p>&nbsp;<\/p>\n<p><b>Las carteras son realizadas de manera artesanal, bajo pedido.\u00a0 El tiempo de elaboraci\u00f3n es de 5 d\u00edas h\u00e1biles.\u00a0<\/b><\/p>\n","protected":false},"excerpt":{"rendered":"<p>Personalizala! Son bolsos imitaci\u00f3n CD o Vinilo. El encuadernado es de tela de alta calidad, resistente al agua (no sumergible) con esquineros met\u00e1licos. Incluye una cadena desmontable, para que puedas elegir como llevarla. Las tapas miden 20Cm x 20Cm. La cadena mide un metro, colgada desde el hombro llega aproximadamente hasta la cadera. Si ya [&hellip;]<\/p>\n","protected":false},"featured_media":4524,"template":"","meta":[],"product_brand":[],"product_cat":[155],"product_tag":[],"class_list":{"0":"post-4517","1":"product","2":"type-product","3":"status-publish","4":"has-post-thumbnail","6":"product_cat-edicion-especial","8":"first","9":"instock","10":"shipping-taxable","11":"purchasable","12":"product-type-simple"},"_links":{"self":[{"href":"https:\/\/caroferrara.com\/en\/wp-json\/wp\/v2\/product\/4517","targetHints":{"allow":["GET"]}}],"collection":[{"href":"https:\/\/caroferrara.com\/en\/wp-json\/wp\/v2\/product"}],"about":[{"href":"https:\/\/caroferrara.com\/en\/wp-json\/wp\/v2\/types\/product"}],"wp:featuredmedia":[{"embeddable":true,"href":"https:\/\/caroferrara.com\/en\/wp-json\/wp\/v2\/media\/4524"}],"wp:attachment":[{"href":"https:\/\/caroferrara.com\/en\/wp-json\/wp\/v2\/media?parent=4517"}],"wp:term":[{"taxonomy":"product_brand","embeddable":true,"href":"https:\/\/caroferrara.com\/en\/wp-json\/wp\/v2\/product_brand?post=4517"},{"taxonomy":"product_cat","embeddable":true,"href":"https:\/\/caroferrara.com\/en\/wp-json\/wp\/v2\/product_cat?post=4517"},{"taxonomy":"product_tag","embeddable":true,"href":"https:\/\/caroferrara.com\/en\/wp-json\/wp\/v2\/product_tag?post=4517"}],"curies":[{"name":"wp","href":"https:\/\/api.w.org\/{rel}","templated":true}]}}