{"id":4267,"date":"2026-02-06T12:04:15","date_gmt":"2026-02-06T12:04:15","guid":{"rendered":"https:\/\/caroferrara.com\/en\/?post_type=product&#038;p=4267"},"modified":"2026-03-13T15:12:49","modified_gmt":"2026-03-13T15:12:49","slug":"remera-wonderful-place-alicia-en-el-pais-de-las-maravillas","status":"publish","type":"product","link":"https:\/\/caroferrara.com\/en\/producto\/remera-wonderful-place-alicia-en-el-pais-de-las-maravillas\/","title":{"rendered":"Remera &#8211;  Wonderful Place (Alicia en el Pa\u00eds de las Maravillas)"},"content":{"rendered":"<p>Nuestros dise\u00f1os son un homenaje a la literatura y te permiten expresarte a trav\u00e9s de tus libros favoritos!<\/p>\n<p>Remera de algod\u00f3n estampada con detalles bordados a mano<\/p>\n<p>Talle M: Largo 63 Cm. \/ Ancho 45 Cm.<\/p>\n","protected":false},"excerpt":{"rendered":"<p>Nuestros dise\u00f1os son un homenaje a la literatura y te permiten expresarte a trav\u00e9s de tus libros favoritos! Remera de algod\u00f3n estampada con detalles bordados a mano Talle M: Largo 63 Cm. \/ Ancho 45 Cm.<\/p>\n","protected":false},"featured_media":4420,"template":"","meta":[],"product_brand":[],"product_cat":[150,154],"product_tag":[],"class_list":{"0":"post-4267","1":"product","2":"type-product","3":"status-publish","4":"has-post-thumbnail","6":"product_cat-clothing","7":"product_cat-remeras","9":"first","10":"instock","11":"shipping-taxable","12":"purchasable","13":"product-type-variable"},"_links":{"self":[{"href":"https:\/\/caroferrara.com\/en\/wp-json\/wp\/v2\/product\/4267","targetHints":{"allow":["GET"]}}],"collection":[{"href":"https:\/\/caroferrara.com\/en\/wp-json\/wp\/v2\/product"}],"about":[{"href":"https:\/\/caroferrara.com\/en\/wp-json\/wp\/v2\/types\/product"}],"wp:featuredmedia":[{"embeddable":true,"href":"https:\/\/caroferrara.com\/en\/wp-json\/wp\/v2\/media\/4420"}],"wp:attachment":[{"href":"https:\/\/caroferrara.com\/en\/wp-json\/wp\/v2\/media?parent=4267"}],"wp:term":[{"taxonomy":"product_brand","embeddable":true,"href":"https:\/\/caroferrara.com\/en\/wp-json\/wp\/v2\/product_brand?post=4267"},{"taxonomy":"product_cat","embeddable":true,"href":"https:\/\/caroferrara.com\/en\/wp-json\/wp\/v2\/product_cat?post=4267"},{"taxonomy":"product_tag","embeddable":true,"href":"https:\/\/caroferrara.com\/en\/wp-json\/wp\/v2\/product_tag?post=4267"}],"curies":[{"name":"wp","href":"https:\/\/api.w.org\/{rel}","templated":true}]}}