{"id":3321,"date":"2025-07-21T20:08:15","date_gmt":"2025-07-21T20:08:15","guid":{"rendered":"https:\/\/caroferrara.com\/en\/?post_type=product&#038;p=3321"},"modified":"2026-03-13T16:09:33","modified_gmt":"2026-03-13T16:09:33","slug":"remera-the-picture-of-dorian-gray","status":"publish","type":"product","link":"https:\/\/caroferrara.com\/en\/producto\/remera-the-picture-of-dorian-gray\/","title":{"rendered":"Remera &#8211;  The Picture of Dorian Gray"},"content":{"rendered":"<p>Nuestros dise\u00f1os son un homenaje a la literatura y te permiten expresarte a trav\u00e9s de tus libros favoritos!<\/p>\n<p>Remera de algod\u00f3n color negra con efecto acid y estampada en serigrafia.<\/p>\n<p>Desliza las im\u00e1genes para ver la tabla de medidas!<\/p>\n","protected":false},"excerpt":{"rendered":"<p>Nuestros dise\u00f1os son un homenaje a la literatura y te permiten expresarte a trav\u00e9s de tus libros favoritos! Remera de algod\u00f3n color negra con efecto acid y estampada en serigrafia. Desliza las im\u00e1genes para ver la tabla de medidas!<\/p>\n","protected":false},"featured_media":4431,"template":"","meta":[],"product_brand":[],"product_cat":[150,154],"product_tag":[],"class_list":{"0":"post-3321","1":"product","2":"type-product","3":"status-publish","4":"has-post-thumbnail","6":"product_cat-clothing","7":"product_cat-remeras","9":"first","10":"instock","11":"shipping-taxable","12":"purchasable","13":"product-type-variable"},"_links":{"self":[{"href":"https:\/\/caroferrara.com\/en\/wp-json\/wp\/v2\/product\/3321","targetHints":{"allow":["GET"]}}],"collection":[{"href":"https:\/\/caroferrara.com\/en\/wp-json\/wp\/v2\/product"}],"about":[{"href":"https:\/\/caroferrara.com\/en\/wp-json\/wp\/v2\/types\/product"}],"wp:featuredmedia":[{"embeddable":true,"href":"https:\/\/caroferrara.com\/en\/wp-json\/wp\/v2\/media\/4431"}],"wp:attachment":[{"href":"https:\/\/caroferrara.com\/en\/wp-json\/wp\/v2\/media?parent=3321"}],"wp:term":[{"taxonomy":"product_brand","embeddable":true,"href":"https:\/\/caroferrara.com\/en\/wp-json\/wp\/v2\/product_brand?post=3321"},{"taxonomy":"product_cat","embeddable":true,"href":"https:\/\/caroferrara.com\/en\/wp-json\/wp\/v2\/product_cat?post=3321"},{"taxonomy":"product_tag","embeddable":true,"href":"https:\/\/caroferrara.com\/en\/wp-json\/wp\/v2\/product_tag?post=3321"}],"curies":[{"name":"wp","href":"https:\/\/api.w.org\/{rel}","templated":true}]}}