{"id":2637,"date":"2025-07-21T19:43:49","date_gmt":"2025-07-21T19:43:49","guid":{"rendered":"https:\/\/caroferrara.com\/en\/?post_type=product&#038;p=2637"},"modified":"2025-12-27T14:53:06","modified_gmt":"2025-12-27T14:53:06","slug":"obras-completas-de-sigmund-freud-2","status":"publish","type":"product","link":"https:\/\/caroferrara.com\/en\/producto\/obras-completas-de-sigmund-freud-2\/","title":{"rendered":"Obras completas de Sigmund Freud"},"content":{"rendered":"<p style=\"text-align: left;\">Nuestras Carteras Literarias son un homenaje a la literatura y te permiten expresarte a trav\u00e9s de tus libros favoritos.<\/p>\n<p><strong>Cartera con cierre y clutch: <\/strong>Son bolsos imitaci\u00f3n libro de tapa dura. El encuadernado es de alta calidad, resistente al agua (no sumergible) con esquineros met\u00e1licos. Incluye una cadena desmontable, para que puedas elegir como llevarla. Las tapas miden 23Cm x 14Cm x 5Cm. La cadena mide un metro, colgada desde el hombro llega aproximadamente hasta la cadera.<\/p>\n<p><strong>Billeteras: <\/strong>Son billeteras imitaci\u00f3n libro de tapa dura. El encuadernado es de alta calidad, resistente al agua (no sumergible) con esquineros met\u00e1licos. Las tapas miden 21Cm x 13Cm x 3Cm. Por dentro cuenta con compartimentos para billetes, tarjetas y monedas.<\/p>\n<p><strong>Funda para Kindle: <\/strong>Son fundas imitaci\u00f3n libro de tapa dura. El encuadernado es de alta calidad, resistente al agua (no sumergible) con esquineros met\u00e1licos. Las tapas miden 16Cm x 11Cm. Cada Kindle tiene medidas especificas, <strong>si tu modelo no aparece en la lista o tenes dudas, consultanos!\u00a0<\/strong><\/p>\n<p>&nbsp;<\/p>\n<p><b>Los productos son realizadas de manera artesanal, bajo pedido.\u00a0 El tiempo de elaboraci\u00f3n es de 5 d\u00edas h\u00e1biles.\u00a0<\/b><\/p>\n<h4><\/h4>\n<p>&nbsp;<\/p>\n","protected":false},"excerpt":{"rendered":"<p>Nuestras Carteras Literarias son un homenaje a la literatura y te permiten expresarte a trav\u00e9s de tus libros favoritos. Cartera con cierre y clutch: Son bolsos imitaci\u00f3n libro de tapa dura. El encuadernado es de alta calidad, resistente al agua (no sumergible) con esquineros met\u00e1licos. Incluye una cadena desmontable, para que puedas elegir como llevarla. [&hellip;]<\/p>\n","protected":false},"featured_media":2695,"template":"","meta":[],"product_brand":[],"product_cat":[105],"product_tag":[152],"class_list":{"0":"post-2637","1":"product","2":"type-product","3":"status-publish","4":"has-post-thumbnail","6":"product_cat-clutches","7":"product_tag-freud","9":"first","10":"instock","11":"shipping-taxable","12":"purchasable","13":"product-type-variable"},"_links":{"self":[{"href":"https:\/\/caroferrara.com\/en\/wp-json\/wp\/v2\/product\/2637","targetHints":{"allow":["GET"]}}],"collection":[{"href":"https:\/\/caroferrara.com\/en\/wp-json\/wp\/v2\/product"}],"about":[{"href":"https:\/\/caroferrara.com\/en\/wp-json\/wp\/v2\/types\/product"}],"wp:featuredmedia":[{"embeddable":true,"href":"https:\/\/caroferrara.com\/en\/wp-json\/wp\/v2\/media\/2695"}],"wp:attachment":[{"href":"https:\/\/caroferrara.com\/en\/wp-json\/wp\/v2\/media?parent=2637"}],"wp:term":[{"taxonomy":"product_brand","embeddable":true,"href":"https:\/\/caroferrara.com\/en\/wp-json\/wp\/v2\/product_brand?post=2637"},{"taxonomy":"product_cat","embeddable":true,"href":"https:\/\/caroferrara.com\/en\/wp-json\/wp\/v2\/product_cat?post=2637"},{"taxonomy":"product_tag","embeddable":true,"href":"https:\/\/caroferrara.com\/en\/wp-json\/wp\/v2\/product_tag?post=2637"}],"curies":[{"name":"wp","href":"https:\/\/api.w.org\/{rel}","templated":true}]}}