{"id":2524,"date":"2025-07-21T19:40:44","date_gmt":"2025-07-21T19:40:44","guid":{"rendered":"https:\/\/caroferrara.com\/en\/?post_type=product&#038;p=2524"},"modified":"2026-01-14T19:44:24","modified_gmt":"2026-01-14T19:44:24","slug":"cartera-personalizada-2","status":"publish","type":"product","link":"https:\/\/caroferrara.com\/en\/producto\/cartera-personalizada-2\/","title":{"rendered":"Cartera Personalizada"},"content":{"rendered":"<p><strong>Personalizala!<\/strong><\/p>\n<p>Nuestras Carteras Literarias son un homenaje a la literatura y te permiten expresarte a trav\u00e9s de tus libros favoritos.<\/p>\n<p style=\"text-align: left;\"><strong>Cartera con cierre y clutch: <\/strong>Son bolsos imitaci\u00f3n libro de tapa dura. El encuadernado es de alta calidad, resistente al agua (no sumergible) con esquineros met\u00e1licos. Incluye una cadena desmontable, para que puedas elegir como llevarla. Las tapas miden 23Cm x 14Cm x 5Cm. La cadena mide un metro, colgada desde el hombro llega aproximadamente hasta la cadera.<\/p>\n<p><strong>Billeteras: <\/strong>Son billeteras imitaci\u00f3n libro de tapa dura. El encuadernado es de alta calidad, resistente al agua (no sumergible) con esquineros met\u00e1licos. Las tapas miden 21Cm x 13Cm x 3Cm. Por dentro cuenta con compartimentos para billetes, tarjetas y monedas.<\/p>\n<p><strong>Funda para Kindle: <\/strong>Son fundas imitaci\u00f3n libro de tapa dura. El encuadernado es de alta calidad, resistente al agua (no sumergible) con esquineros met\u00e1licos. Las tapas miden 16Cm x 11Cm. Cada Kindle tiene medidas especificas, <strong>si tu modelo no aparece en la lista o tenes dudas, consultanos!\u00a0<\/strong><\/p>\n<p>&nbsp;<\/p>\n<p>Si ya sabes que libro y edici\u00f3n te gustar\u00eda encargar, nosotros lo realizamos tal cual (tapa, contratapa y lomo). No hace falta que nos env\u00edes las fotos del libro.<\/p>\n<p>Si todav\u00eda no sabes que edici\u00f3n elegir, te podemos ayudar envi\u00e1ndote algunas opciones! Solo personalizamos con libros, comics, mangas, etc. existentes! No inventamos dise\u00f1os.<\/p>\n<p><strong>Una vez realizada la compra, te vamos a contactar para consultarte que libro quer\u00e9s!<\/strong><\/p>\n<p>&nbsp;<\/p>\n<p><b>Las carteras son realizadas de manera artesanal, bajo pedido.\u00a0 El tiempo de elaboraci\u00f3n es de 10 d\u00edas h\u00e1biles.\u00a0<\/b><\/p>\n<p>&nbsp;<\/p>\n","protected":false},"excerpt":{"rendered":"<p>Personalizala! Nuestras Carteras Literarias son un homenaje a la literatura y te permiten expresarte a trav\u00e9s de tus libros favoritos. Cartera con cierre y clutch: Son bolsos imitaci\u00f3n libro de tapa dura. El encuadernado es de alta calidad, resistente al agua (no sumergible) con esquineros met\u00e1licos. Incluye una cadena desmontable, para que puedas elegir como [&hellip;]<\/p>\n","protected":false},"featured_media":2554,"template":"","meta":[],"product_brand":[],"product_cat":[108,105],"product_tag":[18],"class_list":{"0":"post-2524","1":"product","2":"type-product","3":"status-publish","4":"has-post-thumbnail","6":"product_cat-cartera-personalizada","7":"product_cat-clutches","8":"product_tag-personalizada","10":"first","11":"instock","12":"shipping-taxable","13":"purchasable","14":"product-type-variable"},"_links":{"self":[{"href":"https:\/\/caroferrara.com\/en\/wp-json\/wp\/v2\/product\/2524","targetHints":{"allow":["GET"]}}],"collection":[{"href":"https:\/\/caroferrara.com\/en\/wp-json\/wp\/v2\/product"}],"about":[{"href":"https:\/\/caroferrara.com\/en\/wp-json\/wp\/v2\/types\/product"}],"wp:featuredmedia":[{"embeddable":true,"href":"https:\/\/caroferrara.com\/en\/wp-json\/wp\/v2\/media\/2554"}],"wp:attachment":[{"href":"https:\/\/caroferrara.com\/en\/wp-json\/wp\/v2\/media?parent=2524"}],"wp:term":[{"taxonomy":"product_brand","embeddable":true,"href":"https:\/\/caroferrara.com\/en\/wp-json\/wp\/v2\/product_brand?post=2524"},{"taxonomy":"product_cat","embeddable":true,"href":"https:\/\/caroferrara.com\/en\/wp-json\/wp\/v2\/product_cat?post=2524"},{"taxonomy":"product_tag","embeddable":true,"href":"https:\/\/caroferrara.com\/en\/wp-json\/wp\/v2\/product_tag?post=2524"}],"curies":[{"name":"wp","href":"https:\/\/api.w.org\/{rel}","templated":true}]}}